{"id":11,"date":"2016-08-17T15:58:16","date_gmt":"2016-08-17T13:58:16","guid":{"rendered":"http:\/\/www.sporttennis.it\/asdesport\/?page_id=11"},"modified":"2021-06-10T12:25:24","modified_gmt":"2021-06-10T10:25:24","slug":"chi-siamo","status":"publish","type":"page","link":"https:\/\/www.asdesport.it\/index.php\/chi-siamo\/","title":{"rendered":"Chi siamo"},"content":{"rendered":"<div class=\"ce_text mBott30 block\">\n<p>L&#8217;Associazione Sport e Fitness \u00e8 nata dal desiderio di promuovere tutte le discipline sportive che negli ultimi anni hanno avuto un notevole successo ponendo l\u2019accento sul valore sociale ed educativo che ha lo sport.<\/p>\n<p>Sport e Fitness si basa su una ideologia e filosofia che si discosta da altre realt\u00e0, in quanto la nostra finalit\u00e0 \u00e8 creare una grande community, in cui i Centri Sportivi ed i Tecnici si aiutano e collaborano tra di loro per il piacere di farlo.<\/p>\n<p>L\u2019Ente opera per fini sociali con lo scopo di promuovere attivit\u00e0 sportive, culturali, iniziative educative, assistenziali, ricreative, di socializzazione nell\u2019integrazione dei diversamente abili, curando in particolare la promozione della professionalit\u00e0 dei giovani.<\/p>\n<\/div>\n<h1 class=\"ce_headline\">Lo sport<\/h1>\n<div class=\"ce_text block\">\n<p>Lo sport pu\u00f2 essere definito come l&#8217;insieme di attivit\u00e0 fisiche compiute dall&#8217;uomo \u00a0per diversi scopi.<\/p>\n<p>La diffusione della pratica sportiva in quasi tutte le societ\u00e0 del mondo contemporaneo\u00a0\u00e8 il segno dell&#8217;importanza\u00a0che lo sport ha assunto in quelle realt\u00e0 da un punto di vista sociale, economico e politico.<\/p>\n<p>Lo sport \u00e8 parte integrante della cultura di una societ\u00e0 e si sviluppa in simbiosi con i cambiamenti\u00a0che la contraddistinguono.<\/p>\n<p>Si pensi solamente al bagaglio di tradizioni che le discipline sportive tradizionali apportano alle culture delle nazioni\u00a0in cui sono praticate o agli stretti legami che intercorrono tra sport e media.<\/p>\n<p>In molte Societ\u00e0 lo sport \u00e8 considerato un mezzo di trasmissione di valori universali e una scuola di vita\u00a0che insegna a lottare per ottenere una giusta ricompensa e che aiuta alla socializzazione ed al rispetto tra compagni ed avversari.<\/p>\n<p>Molti sport richiedono una particolare attrezzatura: veicoli meccanici o semplici attrezzi.<\/p>\n<p>L&#8217;equitazione e gli sport cinofili sono esempi di sport che vedono protagonisti il binomio uomo-animale.<\/p>\n<\/div>\n","protected":false},"excerpt":{"rendered":"<p>L&#8217;Associazione Sport e Fitness \u00e8 nata dal desiderio di promuovere tutte le discipline sportive che negli ultimi anni hanno avuto un notevole [&hellip;]<\/p>\n","protected":false},"author":1,"featured_media":0,"parent":0,"menu_order":0,"comment_status":"closed","ping_status":"closed","template":"","meta":{"footnotes":""},"_links":{"self":[{"href":"https:\/\/www.asdesport.it\/index.php\/wp-json\/wp\/v2\/pages\/11"}],"collection":[{"href":"https:\/\/www.asdesport.it\/index.php\/wp-json\/wp\/v2\/pages"}],"about":[{"href":"https:\/\/www.asdesport.it\/index.php\/wp-json\/wp\/v2\/types\/page"}],"author":[{"embeddable":true,"href":"https:\/\/www.asdesport.it\/index.php\/wp-json\/wp\/v2\/users\/1"}],"replies":[{"embeddable":true,"href":"https:\/\/www.asdesport.it\/index.php\/wp-json\/wp\/v2\/comments?post=11"}],"version-history":[{"count":2,"href":"https:\/\/www.asdesport.it\/index.php\/wp-json\/wp\/v2\/pages\/11\/revisions"}],"predecessor-version":[{"id":1372,"href":"https:\/\/www.asdesport.it\/index.php\/wp-json\/wp\/v2\/pages\/11\/revisions\/1372"}],"wp:attachment":[{"href":"https:\/\/www.asdesport.it\/index.php\/wp-json\/wp\/v2\/media?parent=11"}],"curies":[{"name":"wp","href":"https:\/\/api.w.org\/{rel}","templated":true}]}}